{"id":988492,"date":"2026-03-14T02:06:45","date_gmt":"2026-03-14T02:06:45","guid":{"rendered":"https:\/\/mini-molars.com\/?page_id=988492"},"modified":"2026-03-14T02:11:04","modified_gmt":"2026-03-14T02:11:04","slug":"disclaimer","status":"publish","type":"page","link":"https:\/\/mini-molars.com\/es\/disclaimer\/","title":{"rendered":"Aviso legal"},"content":{"rendered":"<div data-elementor-type=\"wp-page\" data-elementor-id=\"988492\" class=\"elementor elementor-988492\" data-elementor-post-type=\"page\">\n\t\t\t\t<div class=\"elementor-element elementor-element-16f9eb0 e-flex e-con-boxed e-con e-parent\" data-id=\"16f9eb0\" data-element_type=\"container\" data-e-type=\"container\">\n\t\t\t\t\t<div class=\"e-con-inner\">\n\t\t\t\t<div class=\"elementor-element elementor-element-d9b0b7b elementor-widget elementor-widget-heading\" data-id=\"d9b0b7b\" data-element_type=\"widget\" data-e-type=\"widget\" data-widget_type=\"heading.default\">\n\t\t\t\t<div class=\"elementor-widget-container\">\n\t\t\t\t\t<h2 class=\"elementor-heading-title elementor-size-default\">Aviso legal<\/h2>\t\t\t\t<\/div>\n\t\t\t\t<\/div>\n\t\t\t\t\t<\/div>\n\t\t\t\t<\/div>\n\t\t<div class=\"elementor-element elementor-element-6ad0d20 e-flex e-con-boxed e-con e-parent\" data-id=\"6ad0d20\" data-element_type=\"container\" data-e-type=\"container\">\n\t\t\t\t\t<div class=\"e-con-inner\">\n\t\t\t\t<div class=\"elementor-element elementor-element-e7adb82 elementor-widget elementor-widget-text-editor\" data-id=\"e7adb82\" data-element_type=\"widget\" data-e-type=\"widget\" data-widget_type=\"text-editor.default\">\n\t\t\t\t<div class=\"elementor-widget-container\">\n\t\t\t\t\t\t\t\t\t<p data-start=\"548\" data-end=\"954\">La informaci\u00f3n proporcionada en el <strong data-start=\"580\" data-end=\"636\">sitio web Mini Molars Children\u2019s Dentistry (\u201cWebsite\u201d)<\/strong> es <strong data-start=\"644\" data-end=\"699\">solo para fines informativos y educativos generales<\/strong>. Toda la informaci\u00f3n del sitio web se proporciona de buena fe; sin embargo, no garantizamos <strong data-start=\"776\" data-end=\"821\">sin declaraci\u00f3n ni garant\u00eda de ning\u00fan tipo<\/strong>, ya sea expl\u00edcita o impl\u00edcita, en relaci\u00f3n con la exactitud, idoneidad, fiabilidad, disponibilidad o integridad de cualquier informaci\u00f3n contenida en el sitio web.<\/p><p data-start=\"956\" data-end=\"1059\">Al acceder o utilizar este sitio web, usted reconoce y acepta los t\u00e9rminos descritos en este aviso legal.<\/p><hr data-start=\"1061\" data-end=\"1064\" \/><h3 data-section-id=\"17eqiin\" data-start=\"1066\" data-end=\"1099\"><strong>Informaci\u00f3n dental y m\u00e9dica<\/strong><\/h3><p data-start=\"1101\" data-end=\"1356\">El contenido de este sitio web puede incluir informaci\u00f3n relacionada con <strong data-start=\"1160\" data-end=\"1243\">atenci\u00f3n odontol\u00f3gica pedi\u00e1trica, salud bucodental, odontolog\u00eda preventiva y tratamientos dentales<\/strong>. Esta informaci\u00f3n <strong data-start=\"1265\" data-end=\"1355\">no pretende sustituir el asesoramiento, el diagn\u00f3stico o el tratamiento dental o m\u00e9dico profesional<\/strong>.<\/p><p data-start=\"1358\" data-end=\"1519\">Consulte siempre a un <strong data-start=\"1386\" data-end=\"1476\">dentista titulado, odont\u00f3logo pedi\u00e1trico, m\u00e9dico u otro profesional sanitario cualificado<\/strong> en relaci\u00f3n con cualquier afecci\u00f3n m\u00e9dica u odontol\u00f3gica.<\/p><p data-start=\"1521\" data-end=\"1637\">Nunca ignore el consejo de un profesional ni retrase la b\u00fasqueda de tratamiento por la informaci\u00f3n que haya le\u00eddo en este sitio web.<\/p><p data-start=\"1639\" data-end=\"1709\">El uso de la informaci\u00f3n contenida en este sitio web est\u00e1 <strong data-start=\"1681\" data-end=\"1708\">bajo su exclusiva responsabilidad<\/strong>.<\/p><hr data-start=\"1711\" data-end=\"1714\" \/><h3 data-section-id=\"1xcunh1\" data-start=\"1716\" data-end=\"1750\"><strong>Relaci\u00f3n entre el dentista y el paciente<\/strong><\/h3><p data-start=\"1752\" data-end=\"1988\">El uso de este sitio web, incluyendo el env\u00edo de correos electr\u00f3nicos, el llenado de formularios de contacto o las llamadas a la oficina, <strong data-start=\"1848\" data-end=\"1901\">NO establece una relaci\u00f3n entre el dentista y el paciente<\/strong> entre usted y <strong data-start=\"1918\" data-end=\"1987\">Mini Molars Children\u2019s Dentistry \u2013 Noguera Pediatric Dentistry PA<\/strong>.<\/p><p data-start=\"1990\" data-end=\"2130\">La relaci\u00f3n entre el dentista y el paciente solo se establece despu\u00e9s de una <strong data-start=\"2049\" data-end=\"2129\">cita previa y evaluaci\u00f3n cl\u00ednica a cargo de un profesional de la odontolog\u00eda titulado<\/strong>.<\/p><hr data-start=\"2132\" data-end=\"2135\" \/><h3 data-section-id=\"1vj7x3q\" data-start=\"2137\" data-end=\"2156\"><strong>Sobre  emergencias<\/strong><\/h3><p data-start=\"2158\" data-end=\"2229\">Este Website <strong data-start=\"2171\" data-end=\"2228\">NO ofrece servicios m\u00e9dicos ni odontol\u00f3gicos de urgencia<\/strong>.<\/p><p data-start=\"2231\" data-end=\"2451\">Si su hijo est\u00e1 pasando por una <strong data-start=\"2263\" data-end=\"2283\">urgencia dental<\/strong>, dolor intenso, traumatismo o una emergencia m\u00e9dica, llame al <strong data-start=\"2342\" data-end=\"2349\">911<\/strong>, p\u00f3ngase en contacto con el servicio de urgencias m\u00e1s cercano o acuda de inmediato a un profesional sanitario autorizado.<\/p><hr data-start=\"2453\" data-end=\"2456\" \/><h3 data-section-id=\"1aickq0\" data-start=\"2458\" data-end=\"2486\"><strong>Aviso legal sobre enlaces externos<\/strong><\/h3><p data-start=\"2488\" data-end=\"2641\">El sitio web puede contener enlaces a sitios web externos que no son proporcionados ni mantenidos por Mini Molars Children\u2019s Dentistry, ni est\u00e1n afiliados de ninguna manera a esta.<\/p><p data-start=\"2643\" data-end=\"2760\">No garantizamos la <strong data-start=\"2667\" data-end=\"2719\">exactitud, pertinencia, actualidad o exhaustividad<\/strong> de cualquier informaci\u00f3n que aparezca en sitios web externos.<\/p><hr data-start=\"2762\" data-end=\"2765\" \/><h3 data-section-id=\"zxb7w4\" data-start=\"2767\" data-end=\"2792\"><strong>Derechos de autor y uso leg\u00edtimo<\/strong><\/h3><p data-start=\"2794\" data-end=\"3101\">Algunos materiales de este sitio web pueden incluir contenido protegido por derechos de autor que no siempre ha sido autorizado expresamente por el titular de dichos derechos. Dicho material se pone a disposici\u00f3n para <strong data-start=\"2977\" data-end=\"3019\">con fines educativos e informativos<\/strong> de conformidad con <strong data-start=\"3039\" data-end=\"3100\">Art\u00edculo 107 de la Ley de Derechos de Autor de los Estados Unidos (uso leg\u00edtimo)<\/strong>.<\/p><p data-start=\"3103\" data-end=\"3199\">Todas las marcas comerciales, logotipos y materiales protegidos por derechos de autor son propiedad de sus respectivos titulares.<\/p><hr data-start=\"3201\" data-end=\"3204\" \/><h3 data-section-id=\"ovwwdf\" data-start=\"3206\" data-end=\"3232\"><strong>Limitaci\u00f3n de responsabilidad<\/strong><\/h3><p data-start=\"3234\" data-end=\"3526\">Bajo ninguna circunstancia <strong data-start=\"3262\" data-end=\"3331\">Mini Molars Children\u2019s Dentistry \u2013 Noguera Pediatric Dentistry PA<\/strong>, sus dentistas, personal, empleados o afiliados no se hacen responsables de ninguna p\u00e9rdida o da\u00f1o de ning\u00fan tipo que se produzca como consecuencia del uso del sitio web o de la confianza depositada en cualquier informaci\u00f3n proporcionada en el mismo.<\/p><p data-start=\"3528\" data-end=\"3599\">Se proporciona toda la informaci\u00f3n <strong data-start=\"3556\" data-end=\"3598\">\u00abtal cual\u00bb, sin garant\u00edas de ning\u00fan tipo<\/strong>.<\/p><hr data-start=\"3601\" data-end=\"3604\" \/><h3 data-section-id=\"q23l08\" data-start=\"3606\" data-end=\"3622\"><strong>Legislaci\u00f3n aplicable<\/strong><\/h3><p data-start=\"3624\" data-end=\"3800\">El presente aviso legal y cualquier controversia relacionada con el uso de este sitio web se regir\u00e1n e interpretar\u00e1n de conformidad con las <strong data-start=\"3752\" data-end=\"3799\">leyes del estado de Florida, Estados Unidos<\/strong>.<\/p><hr data-start=\"3802\" data-end=\"3805\" \/><h3 data-section-id=\"1yli6q6\" data-start=\"3807\" data-end=\"3836\"><strong>Modificaciones a este aviso legal<\/strong><\/h3><p data-start=\"3838\" data-end=\"4009\">Mini Molars Children\u2019s Dentistry se reserva el derecho de actualizar o modificar este aviso legal en cualquier momento. Cualquier cambio se publicar\u00e1 en esta p\u00e1gina con la fecha de revisi\u00f3n actualizada.<\/p><p data-start=\"4011\" data-end=\"4103\">El uso continuado del sitio web tras las actualizaciones implica la aceptaci\u00f3n del Aviso legal revisado.<\/p><hr data-start=\"4105\" data-end=\"4108\" \/><h3 data-section-id=\"1yfsxj7\" data-start=\"4110\" data-end=\"4123\"><strong>Contacto<\/strong><\/h3><p data-start=\"4125\" data-end=\"4189\">Si tiene alguna pregunta sobre este aviso legal, p\u00f3ngase en contacto con:<\/p><p data-start=\"4191\" data-end=\"4308\"><strong data-start=\"4191\" data-end=\"4260\">Mini Molars Children\u2019s Dentistry \u2013 Noguera Pediatric Dentistry PA<\/strong><br data-start=\"4260\" data-end=\"4263\" \/>1425 W Broadway St.<br data-start=\"4282\" data-end=\"4285\" \/>Oviedo, FL 32765-6571<\/p><p data-start=\"4310\" data-end=\"4370\">Tel\u00e9fono: <strong data-start=\"4317\" data-end=\"4333\">689-689-1399<\/strong><br data-start=\"4333\" data-end=\"4336\" \/>Email: <strong data-start=\"4343\" data-end=\"4370\"><a class=\"decorated-link cursor-pointer\" rel=\"noopener\" data-start=\"4345\" data-end=\"4368\">welcome@mini-molars.com<\/a><\/strong><\/p><hr data-start=\"4372\" data-end=\"4375\" \/><p data-start=\"4377\" data-end=\"4409\"><strong data-start=\"4377\" data-end=\"4409\">\u00daltima actualizaci\u00f3n: 13 de marzo de 2026<\/strong><\/p>\t\t\t\t\t\t\t\t<\/div>\n\t\t\t\t<\/div>\n\t\t\t\t\t<\/div>\n\t\t\t\t<\/div>\n\t\t\t\t<\/div>","protected":false},"excerpt":{"rendered":"<p>Disclaimer The information provided on the Mini Molars Children\u2019s Dentistry website (\u201cWebsite\u201d) is for general informational and educational purposes only. All information on the Website is provided in good faith; however, we make no representation or warranty of any kind, express or implied, regarding the accuracy, adequacy, reliability, availability, or completeness of any information on&#8230;<\/p>","protected":false},"author":1,"featured_media":0,"parent":0,"menu_order":0,"comment_status":"closed","ping_status":"closed","template":"","meta":{"inline_featured_image":false,"footnotes":""},"class_list":["post-988492","page","type-page","status-publish","hentry"],"_links":{"self":[{"href":"https:\/\/mini-molars.com\/es\/wp-json\/wp\/v2\/pages\/988492","targetHints":{"allow":["GET"]}}],"collection":[{"href":"https:\/\/mini-molars.com\/es\/wp-json\/wp\/v2\/pages"}],"about":[{"href":"https:\/\/mini-molars.com\/es\/wp-json\/wp\/v2\/types\/page"}],"author":[{"embeddable":true,"href":"https:\/\/mini-molars.com\/es\/wp-json\/wp\/v2\/users\/1"}],"replies":[{"embeddable":true,"href":"https:\/\/mini-molars.com\/es\/wp-json\/wp\/v2\/comments?post=988492"}],"version-history":[{"count":7,"href":"https:\/\/mini-molars.com\/es\/wp-json\/wp\/v2\/pages\/988492\/revisions"}],"predecessor-version":[{"id":988499,"href":"https:\/\/mini-molars.com\/es\/wp-json\/wp\/v2\/pages\/988492\/revisions\/988499"}],"wp:attachment":[{"href":"https:\/\/mini-molars.com\/es\/wp-json\/wp\/v2\/media?parent=988492"}],"curies":[{"name":"wp","href":"https:\/\/api.w.org\/{rel}","templated":true}]}}