{"id":988664,"date":"2026-03-14T16:31:35","date_gmt":"2026-03-14T16:31:35","guid":{"rendered":"https:\/\/mini-molars.com\/?page_id=988664"},"modified":"2026-03-14T16:34:32","modified_gmt":"2026-03-14T16:34:32","slug":"patients-rights-notice","status":"publish","type":"page","link":"https:\/\/mini-molars.com\/es\/patients-rights-notice\/","title":{"rendered":"Aviso sobre los derechos de los pacientes"},"content":{"rendered":"<div data-elementor-type=\"wp-page\" data-elementor-id=\"988664\" class=\"elementor elementor-988664\" data-elementor-post-type=\"page\">\n\t\t\t\t<div class=\"elementor-element elementor-element-0ec2a40 e-flex e-con-boxed e-con e-parent\" data-id=\"0ec2a40\" data-element_type=\"container\" data-e-type=\"container\">\n\t\t\t\t\t<div class=\"e-con-inner\">\n\t\t\t\t<div class=\"elementor-element elementor-element-b811a09 elementor-widget elementor-widget-heading\" data-id=\"b811a09\" data-element_type=\"widget\" data-e-type=\"widget\" data-widget_type=\"heading.default\">\n\t\t\t\t<div class=\"elementor-widget-container\">\n\t\t\t\t\t<h2 class=\"elementor-heading-title elementor-size-default\">Aviso sobre los derechos de los pacientes<\/h2>\t\t\t\t<\/div>\n\t\t\t\t<\/div>\n\t\t\t\t\t<\/div>\n\t\t\t\t<\/div>\n\t\t<div class=\"elementor-element elementor-element-7e8a8d6 e-flex e-con-boxed e-con e-parent\" data-id=\"7e8a8d6\" data-element_type=\"container\" data-e-type=\"container\">\n\t\t\t\t\t<div class=\"e-con-inner\">\n\t\t\t\t<div class=\"elementor-element elementor-element-362c3d6 elementor-widget elementor-widget-text-editor\" data-id=\"362c3d6\" data-element_type=\"widget\" data-e-type=\"widget\" data-widget_type=\"text-editor.default\">\n\t\t\t\t<div class=\"elementor-widget-container\">\n\t\t\t\t\t\t\t\t\t<p data-start=\"202\" data-end=\"467\">De conformidad con la <strong data-start=\"225\" data-end=\"245\">Ley \u00abNo Surprises\u00bb<\/strong>, una ley federal promulgada para proteger a los pacientes de facturas m\u00e9dicas inesperadas, los proveedores de servicios de salud est\u00e1n obligados a proporcionar una estimaci\u00f3n de los costos previstos a los pacientes que no tienen seguro o que no lo utilizan para su atenci\u00f3n m\u00e9dica.<\/p><p data-start=\"469\" data-end=\"623\">Tienes derecho a recibir un <strong data-start=\"499\" data-end=\"522\">Presupuesto de buena fe<\/strong> en el que se detalle el costo total previsto de cualquier servicio que no sea de emergencia, incluyendo <strong data-start=\"603\" data-end=\"622\">servicios dentales<\/strong>.<\/p><p data-start=\"625\" data-end=\"860\">Su proveedor debe entregarle una estimaci\u00f3n de buena fe por escrito al menos un d\u00eda h\u00e1bil antes de la fecha programada para el servicio o el producto. Tambi\u00e9n puede solicitar una estimaci\u00f3n a su proveedor de atenci\u00f3n m\u00e9dica, o a cualquier otro proveedor, antes de reservar un servicio.<\/p><p data-start=\"862\" data-end=\"1053\">Si la factura que reciba supera en 400 d\u00f3lares o m\u00e1s el importe de su estimaci\u00f3n de buena fe, tiene derecho a impugnar los cargos. Aseg\u00farese de guardar una copia o una foto de su estimaci\u00f3n de buena fe para sus registros.<\/p><p data-start=\"1055\" data-end=\"1214\">Para obtener m\u00e1s informaci\u00f3n sobre su derecho a recibir una estimaci\u00f3n de buena fe, visite<br data-start=\"1120\" data-end=\"1123\" \/><a class=\"decorated-link\" href=\"https:\/\/www.cms.gov\/nosurprises\" target=\"_new\" rel=\"noopener\" data-start=\"1123\" data-end=\"1154\">https:\/\/www.cms.gov\/nosurprises<\/a><br data-start=\"1154\" data-end=\"1157\" \/>o llame al servicio de asistencia de No Surprises al <strong data-start=\"1195\" data-end=\"1213\">1-800-985-3059<\/strong>.<\/p><p data-start=\"1216\" data-end=\"1386\">Si no tiene seguro o decide no utilizarlo, por favor informe a su <strong data-start=\"1289\" data-end=\"1308\">proveedor de servicios dentales<\/strong>, que te proporcionar\u00e1n un presupuesto de buena fe con los costos previstos.<\/p>\t\t\t\t\t\t\t\t<\/div>\n\t\t\t\t<\/div>\n\t\t\t\t\t<\/div>\n\t\t\t\t<\/div>\n\t\t\t\t<\/div>","protected":false},"excerpt":{"rendered":"<p>Patients Rights Notice In accordance with the No Surprises Act, a federal law enacted to protect patients from unexpected medical bills, healthcare providers are required to give an estimate of the expected costs for patients who are uninsured, or not using insurance, for their care. You are entitled to receive a Good Faith Estimate detailing&#8230;<\/p>","protected":false},"author":1,"featured_media":0,"parent":0,"menu_order":0,"comment_status":"closed","ping_status":"closed","template":"","meta":{"inline_featured_image":false,"footnotes":""},"class_list":["post-988664","page","type-page","status-publish","hentry"],"_links":{"self":[{"href":"https:\/\/mini-molars.com\/es\/wp-json\/wp\/v2\/pages\/988664","targetHints":{"allow":["GET"]}}],"collection":[{"href":"https:\/\/mini-molars.com\/es\/wp-json\/wp\/v2\/pages"}],"about":[{"href":"https:\/\/mini-molars.com\/es\/wp-json\/wp\/v2\/types\/page"}],"author":[{"embeddable":true,"href":"https:\/\/mini-molars.com\/es\/wp-json\/wp\/v2\/users\/1"}],"replies":[{"embeddable":true,"href":"https:\/\/mini-molars.com\/es\/wp-json\/wp\/v2\/comments?post=988664"}],"version-history":[{"count":4,"href":"https:\/\/mini-molars.com\/es\/wp-json\/wp\/v2\/pages\/988664\/revisions"}],"predecessor-version":[{"id":988669,"href":"https:\/\/mini-molars.com\/es\/wp-json\/wp\/v2\/pages\/988664\/revisions\/988669"}],"wp:attachment":[{"href":"https:\/\/mini-molars.com\/es\/wp-json\/wp\/v2\/media?parent=988664"}],"curies":[{"name":"wp","href":"https:\/\/api.w.org\/{rel}","templated":true}]}}