{"id":988671,"date":"2026-03-14T16:36:44","date_gmt":"2026-03-14T16:36:44","guid":{"rendered":"https:\/\/mini-molars.com\/?page_id=988671"},"modified":"2026-04-12T18:55:23","modified_gmt":"2026-04-12T18:55:23","slug":"privacy-policy","status":"publish","type":"page","link":"https:\/\/mini-molars.com\/es\/privacy-policy\/","title":{"rendered":"Pol\u00edtica de privacidad"},"content":{"rendered":"<div data-elementor-type=\"wp-page\" data-elementor-id=\"988671\" class=\"elementor elementor-988671\" data-elementor-post-type=\"page\">\n\t\t\t\t<div class=\"elementor-element elementor-element-aa3ff2e e-flex e-con-boxed e-con e-parent\" data-id=\"aa3ff2e\" data-element_type=\"container\" data-e-type=\"container\">\n\t\t\t\t\t<div class=\"e-con-inner\">\n\t\t\t\t<div class=\"elementor-element elementor-element-619d9a8 elementor-widget elementor-widget-heading\" data-id=\"619d9a8\" data-element_type=\"widget\" data-e-type=\"widget\" data-widget_type=\"heading.default\">\n\t\t\t\t<div class=\"elementor-widget-container\">\n\t\t\t\t\t<h2 class=\"elementor-heading-title elementor-size-default\">Pol\u00edtica de privacidad<\/h2>\t\t\t\t<\/div>\n\t\t\t\t<\/div>\n\t\t\t\t\t<\/div>\n\t\t\t\t<\/div>\n\t\t<div class=\"elementor-element elementor-element-d646efc e-flex e-con-boxed e-con e-parent\" data-id=\"d646efc\" data-element_type=\"container\" data-e-type=\"container\">\n\t\t\t\t\t<div class=\"e-con-inner\">\n\t\t\t\t<div class=\"elementor-element elementor-element-205c9b8 elementor-widget elementor-widget-text-editor\" data-id=\"205c9b8\" data-element_type=\"widget\" data-e-type=\"widget\" data-widget_type=\"text-editor.default\">\n\t\t\t\t<div class=\"elementor-widget-container\">\n\t\t\t\t\t\t\t\t\t<p><b>Fecha de entrada en vigor: 13 de marzo de 2026<\/b><\/p><p><b>\u00a0<\/b><\/p><h4><strong>1. Introducci\u00f3n<\/strong><\/h4><p>Bienvenido a Mini Molars Children\u2019s Dentistry \u2013 Noguera Pediatric Dentistry PA (\u00abnosotros\u00bb, \u00abnuestro\u00bb, \u00abnos\u00bb). Esta Pol\u00edtica de privacidad describe c\u00f3mo recopilamos, utilizamos, divulgamos y protegemos su informaci\u00f3n personal cuando visita nuestro sitio web y utiliza nuestros servicios odontol\u00f3gicos.<\/p><p>Nuestra consulta se encuentra en Oviedo, Florida, Estados Unidos. La presente Pol\u00edtica de privacidad se rige por la legislaci\u00f3n estadounidense, pero reconoce que es posible acceder a nuestro sitio web o gestionarlo desde lugares fuera de los Estados Unidos.<\/p><h4><strong>2. Informaci\u00f3n que recopilamos<\/strong><\/h4><h5><strong>2.1 Informaci\u00f3n personal<\/strong><\/h5><p>Cuando interact\u00faas con nosotros, es posible que recopilemos la informaci\u00f3n personal que nos facilites directamente, incluyendo:<\/p><ul><li>Nombre<\/li><li>Informaci\u00f3n de contacto (por ejemplo, n\u00famero de tel\u00e9fono, direcci\u00f3n de correo electr\u00f3nico)<\/li><li>Datos demogr\u00e1ficos (por ejemplo, edad, sexo)<\/li><li>Informaci\u00f3n m\u00e9dica (por ejemplo, historial dental, detalles del tratamiento)<\/li><li>Informaci\u00f3n de pago (por ejemplo, datos de la tarjeta de cr\u00e9dito)<\/li><\/ul><h5><strong>2.2 Informaci\u00f3n no personal<\/strong><\/h5><p>Tambi\u00e9n podemos recopilar informaci\u00f3n no personal que no te identifique directamente, como por ejemplo:<\/p><ul><li>Direcci\u00f3n IP<\/li><li>Tipo y versi\u00f3n del navegador<\/li><li>Tipo de dispositivo<\/li><li>P\u00e1ginas visitadas en nuestro sitio web<\/li><li>Fecha y hora de las visitas<\/li><li>Estad\u00edsticas de uso<\/li><\/ul><p><strong>1. C\u00f3mo utilizamos su informaci\u00f3n:\u00a0<\/strong>Podemos utilizar su informaci\u00f3n personal para los siguientes fines:<\/p><ul><li>Prestar, gestionar y mejorar nuestros servicios odontol\u00f3gicos<\/li><li>Para comunicarnos contigo en relaci\u00f3n con citas, consultas y novedades<\/li><li>Para procesar pagos y gestionar la facturaci\u00f3n<\/li><li>Para garantizar el cumplimiento de las obligaciones legales y reglamentarias<\/li><li>Para mejorar la funcionalidad y el contenido de nuestro sitio web<\/li><\/ul><p><strong>2. Divulgaci\u00f3n de su informaci\u00f3n:\u00a0<\/strong>Podemos divulgar su informaci\u00f3n en las siguientes circunstancias:<\/p><ul><li>Con su consentimiento: cuando nos haya dado su consentimiento expl\u00edcito para compartir su informaci\u00f3n.<\/li><li>Proveedores de servicios: A terceros proveedores que nos ayudan a llevar a cabo nuestras actividades comerciales, como procesadores de pagos, plataformas de programaci\u00f3n de citas y servicios de soporte inform\u00e1tico, en virtud de acuerdos de confidencialidad.<\/li><li>Cumplimiento legal: Para cumplir con nuestras obligaciones legales, hacer cumplir nuestras pol\u00edticas o proteger nuestros derechos y los de terceros.<\/li><li>Situaciones de emergencia: cuando sea necesario para proteger la seguridad de las personas o en respuesta a situaciones de emergencia.<\/li><\/ul><p><b>3. Interacci\u00f3n de los usuarios:\u00a0<\/b>Podemos divulgar su informaci\u00f3n personal, sin previo aviso, si as\u00ed lo exige la ley o si creemos de buena fe que dicha acci\u00f3n es necesaria para:<\/p><p>(a) Cumplir con la ley o con cualquier procedimiento legal notificado a Mini Molars Children\u2019s Dentistry \u2013 Noguera Pediatric Dentistry PA o al sitio web;<br \/>(b) Proteger y defender los derechos o los bienes de Mini Molars Children\u2019s Dentistry \u2013 Noguera Pediatric Dentistry PA;<br \/>(c) Actuar en situaciones de urgencia para proteger la seguridad personal de los usuarios del sitio web o del p\u00fablico.<\/p><p><b>4. Transferencias internacionales de datos<\/b><\/p><p>Los usuarios de todo el mundo pueden acceder a nuestro sitio web. Independientemente de d\u00f3nde se encuentre, su informaci\u00f3n se tratar\u00e1 de acuerdo con esta Pol\u00edtica de privacidad.<\/p><p>Las leyes de protecci\u00f3n de datos de EE. UU. pueden diferir de las de su pa\u00eds y es posible que no ofrezcan el mismo nivel de protecci\u00f3n.<\/p><p>Si se encuentra en el Espacio Econ\u00f3mico Europeo (EEE), da su consentimiento para la transferencia de sus datos desde el EEE a los Estados Unidos con los fines descritos en esta Pol\u00edtica de privacidad.<\/p><p>Para obtener m\u00e1s informaci\u00f3n sobre sus derechos en virtud del Reglamento General de Protecci\u00f3n de Datos (RGPD), puede visitar:<\/p><p>http:\/\/ec.europa.eu\/newsroom\/article29\/item-detail.cfm?item_id=612080<\/p><p><b>5. Seguridad de su informaci\u00f3n personal<\/b><\/p><p>Protegemos tu informaci\u00f3n personal contra el acceso, el uso o la divulgaci\u00f3n no autorizados mediante el cifrado SSL y otras medidas de seguridad.<\/p><p>A pesar de estos esfuerzos, no se puede garantizar que la transmisi\u00f3n de datos a trav\u00e9s de Internet sea 100 % segura.<\/p><p>Usted reconoce que:<\/p><p>(a) Existen limitaciones de seguridad y privacidad inherentes a Internet que escapan a nuestro control.<br \/>(b) No se puede garantizar la seguridad, la integridad ni la privacidad de la informaci\u00f3n que se intercambie entre usted y Mini Molars Children\u2019s Dentistry \u2013 Noguera Pediatric Dentistry PA a trav\u00e9s de nuestro sitio web.<\/p><p><strong>6. Derecho de eliminaci\u00f3n<\/strong><\/p><p>Salvo en determinados casos, una vez recibida una solicitud verificable por su parte, procederemos a:<\/p><p>(a) Eliminar su informaci\u00f3n personal de nuestros registros.<br \/>(b) Asegurarse de que los proveedores de servicios externos pertinentes tambi\u00e9n eliminen su informaci\u00f3n personal.<\/p><p>Sin embargo, es posible que no podamos eliminar su informaci\u00f3n si es necesario para:<\/p><ul><li>Finalizar una transacci\u00f3n o un servicio que haya solicitado<\/li><li>Detectar incidentes de seguridad o prevenir el fraude<\/li><li>Depurar o solucionar problemas t\u00e9cnicos<\/li><li>Proteger los derechos legales<\/li><li>Cumplir con las obligaciones legales<\/li><li>Realizar investigaciones en las que la eliminaci\u00f3n de datos pudiera afectar a los resultados<\/li><li>Utilice la informaci\u00f3n internamente de forma legal y acorde con sus expectativas<\/li><li>Si se encuentra en el Espacio Econ\u00f3mico Europeo, es posible que conservemos sus datos cuando sea necesario para cumplir con la legislaci\u00f3n vigente o por intereses comerciales leg\u00edtimos.<\/li><\/ul><p><strong>Cookies y tecnolog\u00edas de seguimiento<\/strong><\/p><p>Nuestro sitio web puede utilizar cookies y tecnolog\u00edas de seguimiento similares para mejorar su experiencia de navegaci\u00f3n y analizar el uso del sitio web.<\/p><p>Puede gestionar las cookies a trav\u00e9s de la configuraci\u00f3n de su navegador. Desactivar las cookies puede afectar a algunas funciones del sitio web.<\/p><p><strong>Menores de edad \/ Ni\u00f1os<\/strong><\/p><p>Nuestro sitio web y nuestros servicios est\u00e1n dirigidos a padres o tutores que buscan atenci\u00f3n dental para sus hijos.<\/p><p>No recopilamos deliberadamente informaci\u00f3n personal de ni\u00f1os menores de 13 a\u00f1os sin el consentimiento de sus padres. Si nos damos cuenta de que se ha recopilado dicha informaci\u00f3n sin el consentimiento correspondiente, tomaremos las medidas necesarias para eliminarla.<\/p><p>Los padres o tutores que crean que su hijo o hija ha enviado informaci\u00f3n personal deben ponerse en contacto con nosotros para que podamos resolver el asunto.<\/p><p><b>Enlaces a sitios web de terceros<\/b><\/p><p>Nuestro sitio web puede contener enlaces a sitios web de terceros. No nos hacemos responsables de las pr\u00e1cticas de privacidad ni del contenido de dichos sitios externos.<\/p><p>Le recomendamos que revise las pol\u00edticas de privacidad de los sitios web de terceros que visite.<\/p><p><b>Cambios en esta Pol\u00edtica de privacidad<\/b><\/p><p>Es posible que actualicemos esta Pol\u00edtica de privacidad peri\u00f3dicamente para reflejar cambios en nuestras pr\u00e1cticas o en los requisitos legales.<\/p><p>Cualquier actualizaci\u00f3n se publicar\u00e1 en esta p\u00e1gina con la nueva fecha de vigencia.<\/p><p>Le recomendamos que revise esta pol\u00edtica peri\u00f3dicamente.<\/p><p>\u00a0<\/p><p><b>Contacto<\/b><\/p><p>Si tiene alguna pregunta o duda sobre esta Pol\u00edtica de privacidad o sobre nuestras pr\u00e1cticas en materia de datos, p\u00f3ngase en contacto con nosotros:<\/p><p><b>Mini Molars Children\u2019s Dentistry \u2013 Noguera Pediatric Dentistry PA<br \/><\/b>1425 W Broadway St.<br \/>Oviedo, FL 32765-6571<\/p><p>Tel\u00e9fono: 689-689-1399<br \/>Email: welcome@mini-molars.com<\/p><p>Gracias por elegir Mini Molars Children\u2019s Dentistry \u2013 Noguera Pediatric Dentistry PA. Nos comprometemos a proteger su privacidad y a ofrecerle una experiencia segura y protegida al utilizar nuestros servicios.<\/p>\t\t\t\t\t\t\t\t<\/div>\n\t\t\t\t<\/div>\n\t\t\t\t\t<\/div>\n\t\t\t\t<\/div>\n\t\t\t\t<\/div>","protected":false},"excerpt":{"rendered":"<p>Privacy Policy Effective Date: March 13, 2026 \u00a0 1. Introduction Welcome to Mini Molars Children\u2019s Dentistry \u2013 Noguera Pediatric Dentistry PA (\u201cwe,\u201d \u201cour,\u201d \u201cus\u201d). This Privacy Policy outlines how we collect, use, disclose, and protect your personal information when you visit our website and use our dental services. Our practice is located in Oviedo, Florida,&#8230;<\/p>","protected":false},"author":1,"featured_media":0,"parent":0,"menu_order":0,"comment_status":"closed","ping_status":"closed","template":"","meta":{"inline_featured_image":false,"footnotes":""},"class_list":["post-988671","page","type-page","status-publish","hentry"],"_links":{"self":[{"href":"https:\/\/mini-molars.com\/es\/wp-json\/wp\/v2\/pages\/988671","targetHints":{"allow":["GET"]}}],"collection":[{"href":"https:\/\/mini-molars.com\/es\/wp-json\/wp\/v2\/pages"}],"about":[{"href":"https:\/\/mini-molars.com\/es\/wp-json\/wp\/v2\/types\/page"}],"author":[{"embeddable":true,"href":"https:\/\/mini-molars.com\/es\/wp-json\/wp\/v2\/users\/1"}],"replies":[{"embeddable":true,"href":"https:\/\/mini-molars.com\/es\/wp-json\/wp\/v2\/comments?post=988671"}],"version-history":[{"count":13,"href":"https:\/\/mini-molars.com\/es\/wp-json\/wp\/v2\/pages\/988671\/revisions"}],"predecessor-version":[{"id":989191,"href":"https:\/\/mini-molars.com\/es\/wp-json\/wp\/v2\/pages\/988671\/revisions\/989191"}],"wp:attachment":[{"href":"https:\/\/mini-molars.com\/es\/wp-json\/wp\/v2\/media?parent=988671"}],"curies":[{"name":"wp","href":"https:\/\/api.w.org\/{rel}","templated":true}]}}