{"id":988686,"date":"2026-03-14T17:01:19","date_gmt":"2026-03-14T17:01:19","guid":{"rendered":"https:\/\/mini-molars.com\/?page_id=988686"},"modified":"2026-03-14T17:08:34","modified_gmt":"2026-03-14T17:08:34","slug":"terms-conditions","status":"publish","type":"page","link":"https:\/\/mini-molars.com\/es\/terms-conditions\/","title":{"rendered":"Terms &#038; Conditions"},"content":{"rendered":"<div data-elementor-type=\"wp-page\" data-elementor-id=\"988686\" class=\"elementor elementor-988686\" data-elementor-post-type=\"page\">\n\t\t\t\t<div class=\"elementor-element elementor-element-6ebdb79 e-flex e-con-boxed e-con e-parent\" data-id=\"6ebdb79\" data-element_type=\"container\" data-e-type=\"container\">\n\t\t\t\t\t<div class=\"e-con-inner\">\n\t\t\t\t<div class=\"elementor-element elementor-element-e7a16b2 elementor-widget elementor-widget-heading\" data-id=\"e7a16b2\" data-element_type=\"widget\" data-e-type=\"widget\" data-widget_type=\"heading.default\">\n\t\t\t\t<div class=\"elementor-widget-container\">\n\t\t\t\t\t<h2 class=\"elementor-heading-title elementor-size-default\">T\u00e9rminos y Condiciones\n<\/h2>\t\t\t\t<\/div>\n\t\t\t\t<\/div>\n\t\t\t\t\t<\/div>\n\t\t\t\t<\/div>\n\t\t<div class=\"elementor-element elementor-element-3faaedb e-flex e-con-boxed e-con e-parent\" data-id=\"3faaedb\" data-element_type=\"container\" data-e-type=\"container\">\n\t\t\t\t\t<div class=\"e-con-inner\">\n\t\t\t\t<div class=\"elementor-element elementor-element-77aca28 elementor-widget elementor-widget-text-editor\" data-id=\"77aca28\" data-element_type=\"widget\" data-e-type=\"widget\" data-widget_type=\"text-editor.default\">\n\t\t\t\t<div class=\"elementor-widget-container\">\n\t\t\t\t\t\t\t\t\t<p data-start=\"342\" data-end=\"570\">Estos t\u00e9rminos y condiciones (\u00abAcuerdo\u00bb) establecen las condiciones generales de uso del <strong data-start=\"445\" data-end=\"464\">sitio web mini-molars.com<\/strong> (\u00abSitio web\u00bb o \u00abServicio\u00bb) y cualquiera de sus productos y servicios relacionados (en conjunto, \u00abServicios\u00bb).<\/p><p data-start=\"572\" data-end=\"788\">El presente Acuerdo es legalmente vinculante entre usted (\u00abUsuario\u00bb, \u00abusted\u00bb o \u00abtu\u00bb) y <strong data-start=\"648\" data-end=\"729\">Noguera Pediatric Dentistry PA, que opera bajo el nombre de Mini Molars Children\u2019s Dentistry<\/strong> (\u00abMini Molars Children\u2019s Dentistry\u00bb, \u00abnosotros\u00bb, \u00abnos\u00bb o \u00abnuestro\u00bb).<\/p><p data-start=\"790\" data-end=\"1033\">Si celebra este Acuerdo en nombre de una empresa u otra entidad jur\u00eddica, usted declara que tiene la facultad de obligar a dicha entidad a cumplir con este Acuerdo, en cuyo caso los t\u00e9rminos \u00abUsuario\u00bb, \u00abusted\u00bb o \u00absu\u00bb se referir\u00e1n a dicha entidad.<\/p><p data-start=\"1035\" data-end=\"1214\">Si no cuenta con dicha autorizaci\u00f3n, o si no est\u00e1 de acuerdo con los t\u00e9rminos del presente Acuerdo, no debe aceptarlo y no podr\u00e1 acceder ni utilizar el Sitio web ni los Servicios.<\/p><p data-start=\"1216\" data-end=\"1589\">Al acceder y utilizar el Sitio web y los Servicios, usted reconoce que ha le\u00eddo y comprendido los t\u00e9rminos del presente Acuerdo y acepta regirse por ellos. Usted reconoce que el presente Acuerdo constituye un contrato entre usted y <strong data-start=\"1433\" data-end=\"1469\">Mini Molars Children\u2019s Dentistry<\/strong>, aunque sea un documento electr\u00f3nico y no lo hayas firmado f\u00edsicamente, y rige tu uso del sitio web y de los servicios.<\/p><hr data-start=\"1591\" data-end=\"1594\" \/><h3 data-section-id=\"16gq5aj\" data-start=\"1596\" data-end=\"1615\"><strong>Tabla de Contenidos<\/strong><\/h3><ul data-start=\"1617\" data-end=\"1888\"><li data-section-id=\"hqca0k\" data-start=\"1617\" data-end=\"1636\"><p data-start=\"1619\" data-end=\"1636\">Requisitos de edad<\/p><\/li><li data-section-id=\"1b69ewt\" data-start=\"1637\" data-end=\"1665\"><p data-start=\"1639\" data-end=\"1665\">Enlaces a otros recursos<\/p><\/li><li data-section-id=\"7j73vu\" data-start=\"1666\" data-end=\"1685\"><p data-start=\"1668\" data-end=\"1685\">Usos prohibidos<\/p><\/li><li data-section-id=\"k8u468\" data-start=\"1686\" data-end=\"1718\"><p data-start=\"1688\" data-end=\"1718\">Derechos de propiedad intelectual<\/p><\/li><li data-section-id=\"1xo122e\" data-start=\"1719\" data-end=\"1745\"><p data-start=\"1721\" data-end=\"1745\">Exenci\u00f3n de responsabilidad<\/p><\/li><li data-section-id=\"1niu92m\" data-start=\"1746\" data-end=\"1773\"><p data-start=\"1748\" data-end=\"1773\">Limitaci\u00f3n de responsabilidad<\/p><\/li><li data-section-id=\"5hw0vx\" data-start=\"1774\" data-end=\"1790\"><p data-start=\"1776\" data-end=\"1790\">Cl\u00e1usula de separabilidad<\/p><\/li><li data-section-id=\"vw3kto\" data-start=\"1791\" data-end=\"1813\"><p data-start=\"1793\" data-end=\"1813\">Resoluci\u00f3n de conflictos<\/p><\/li><li data-section-id=\"18boul0\" data-start=\"1814\" data-end=\"1840\"><p data-start=\"1816\" data-end=\"1840\">Cambios y modificaciones<\/p><\/li><li data-section-id=\"i75afu\" data-start=\"1841\" data-end=\"1870\"><p data-start=\"1843\" data-end=\"1870\">Aceptaci\u00f3n de estas condiciones<\/p><\/li><li data-section-id=\"zfwxse\" data-start=\"1871\" data-end=\"1888\"><p data-start=\"1873\" data-end=\"1888\">C\u00f3mo contactarnos<\/p><\/li><\/ul><hr data-start=\"1890\" data-end=\"1893\" \/><h3 data-section-id=\"1unz0vu\" data-start=\"1895\" data-end=\"1912\"><strong>Requisitos de edad<\/strong><\/h3><p data-start=\"1914\" data-end=\"2120\">Debes tener al menos <strong data-start=\"1935\" data-end=\"1954\">16 a\u00f1os<\/strong> para utilizar el Sitio web y los Servicios. Al utilizar el Sitio web y los Servicios y al aceptar este Acuerdo, usted garantiza y declara que tiene al menos 16 a\u00f1os de edad.<\/p><hr data-start=\"2122\" data-end=\"2125\" \/><h3 data-section-id=\"pmbcdv\" data-start=\"2127\" data-end=\"2153\"><strong>Enlaces a otros recursos<\/strong><\/h3><p data-start=\"2155\" data-end=\"2437\">Aunque el sitio web y los servicios puedan contener enlaces a otros recursos (como sitios web, aplicaciones m\u00f3viles, etc.), no estamos dando a entender, ni directa ni indirectamente, ninguna aprobaci\u00f3n, asociaci\u00f3n, patrocinio, respaldo o afiliaci\u00f3n con ning\u00fan recurso enlazado, a menos que se indique espec\u00edficamente en el presente documento.<\/p><p data-start=\"2439\" data-end=\"2595\">No nos hacemos responsables de examinar ni evaluar las ofertas de ninguna empresa o persona f\u00edsica, ni del contenido de sus recursos, y tampoco ofrecemos garant\u00eda alguna al respecto.<\/p><p data-start=\"2597\" data-end=\"2722\">No asumimos ninguna responsabilidad por las acciones, los productos, los servicios ni los contenidos de terceros.<\/p><p data-start=\"2724\" data-end=\"2930\">Debe leer atentamente los avisos legales y dem\u00e1s condiciones de uso de cualquier recurso al que acceda a trav\u00e9s de un enlace presente en el sitio web. El acceso a cualquier otro recurso externo se realiza bajo su propia responsabilidad.<\/p><hr data-start=\"2932\" data-end=\"2935\" \/><h3 data-section-id=\"4j33ac\" data-start=\"2937\" data-end=\"2954\"><strong>Usos prohibidos<\/strong><\/h3><p data-start=\"2956\" data-end=\"3080\">Adem\u00e1s de las dem\u00e1s condiciones establecidas en el Acuerdo, se le proh\u00edbe utilizar el Sitio web, los Servicios o el Contenido:<\/p><p data-start=\"3082\" data-end=\"3955\">(a) con cualquier fin il\u00edcito;<br data-start=\"3111\" data-end=\"3114\" \/>(b) incitar a otros a cometer o participar en actos il\u00edcitos;<br data-start=\"3183\" data-end=\"3186\" \/>(c) infringir cualquier normativa, ley u ordenanza internacional, federal, estatal o local;<br data-start=\"3278\" data-end=\"3281\" \/>(d) infringir o violar nuestros derechos de propiedad intelectual o los derechos de propiedad intelectual de terceros;<br data-start=\"3392\" data-end=\"3395\" \/>(e) acosar, maltratar, insultar, causar da\u00f1o, difamar, calumniar, menospreciar, intimidar o discriminar por motivos de g\u00e9nero, orientaci\u00f3n sexual, religi\u00f3n, origen \u00e9tnico, raza, edad, nacionalidad o discapacidad;<br data-start=\"3587\" data-end=\"3590\" \/>(f) presentar informaci\u00f3n falsa o enga\u00f1osa;<br data-start=\"3636\" data-end=\"3639\" \/>(g) subir o transmitir virus o c\u00f3digo malicioso que pueda afectar el funcionamiento del sitio web, los Servicios o Internet;<br data-start=\"3767\" data-end=\"3770\" \/>(h) enviar spam, realizar phishing, pharming, rastrear, indexar o extraer datos;<br data-start=\"3822\" data-end=\"3825\" \/>(i) con cualquier fin obsceno o inmoral;<br data-start=\"3864\" data-end=\"3867\" \/>(j) interferir con los mecanismos de seguridad del sitio web o de los sistemas relacionados, o eludirlos.<\/p><p data-start=\"3957\" data-end=\"4071\">Nos reservamos el derecho de suspender su acceso al sitio web y a los servicios en caso de que incumpla cualquiera de estos usos prohibidos.<\/p><hr data-start=\"4073\" data-end=\"4076\" \/><h3 data-section-id=\"1vky57y\" data-start=\"4078\" data-end=\"4108\"><strong>Derechos de propiedad intelectual<\/strong><\/h3><p data-start=\"4110\" data-end=\"4335\">Por \u00abderechos de propiedad intelectual\u00bb se entiende todos los derechos, presentes y futuros, conferidos por ley, el derecho consuetudinario o el derecho de equidad en relaci\u00f3n con cualquier derecho de autor, marca registrada, dise\u00f1o, patente, invenci\u00f3n, fondo de comercio u otra forma de propiedad intelectual.<\/p><p data-start=\"4337\" data-end=\"4561\">El presente Acuerdo no le transfiere ning\u00fan derecho de propiedad intelectual que sea propiedad de <strong data-start=\"4412\" data-end=\"4448\">Mini Molars Children\u2019s Dentistry<\/strong> o terceros, y todos los derechos, t\u00edtulos e intereses siguen siendo propiedad exclusiva de <strong data-start=\"4524\" data-end=\"4560\">Mini Molars Children\u2019s Dentistry<\/strong>.<\/p><p data-start=\"4563\" data-end=\"4760\">Todas las marcas comerciales, marcas de servicio, gr\u00e1ficos y logotipos utilizados en relaci\u00f3n con el sitio web y los servicios son marcas comerciales o marcas registradas de <strong data-start=\"4706\" data-end=\"4742\">Mini Molars Children\u2019s Dentistry<\/strong> o sus licenciantes.<\/p><p data-start=\"4762\" data-end=\"4913\">El uso que usted haga del sitio web y de los servicios no le otorga ninguna licencia ni derecho para reproducir o utilizar de cualquier otra forma las marcas registradas sin permiso previo por escrito.<\/p><hr data-start=\"4915\" data-end=\"4918\" \/><h3 data-section-id=\"vwgtiw\" data-start=\"4920\" data-end=\"4944\"><strong>Exenci\u00f3n de responsabilidad<\/strong><\/h3><p data-start=\"4946\" data-end=\"5096\">Usted acepta que el Sitio web y los Servicios se proporcionan \u00ab <strong data-start=\"5005\" data-end=\"5041\">\u00abtal cual\u00bb y \u00abseg\u00fan disponibilidad\u00bb<\/strong>, y que su uso es bajo su propia responsabilidad.<\/p><p data-start=\"5098\" data-end=\"5205\">Renunciamos expresamente a cualquier garant\u00eda de cualquier tipo, ya sea expresa o impl\u00edcita, incluyendo, entre otras:<\/p><ul data-start=\"5207\" data-end=\"5282\"><li data-section-id=\"x8dgm8\" data-start=\"5207\" data-end=\"5226\"><p data-start=\"5209\" data-end=\"5226\">comercializaci\u00f3n<\/p><\/li><li data-section-id=\"zgmkff\" data-start=\"5227\" data-end=\"5263\"><p data-start=\"5229\" data-end=\"5263\">idoneidad para un fin determinado<\/p><\/li><li data-section-id=\"19hysq6\" data-start=\"5264\" data-end=\"5282\"><p data-start=\"5266\" data-end=\"5282\">no infracci\u00f3n<\/p><\/li><\/ul><p data-start=\"5284\" data-end=\"5419\">No garantizamos que los Servicios satisfagan sus necesidades ni que funcionen sin interrupciones, errores o vulnerabilidades de seguridad.<\/p><p data-start=\"5421\" data-end=\"5517\">Cualquier material que descargues u obtengas a trav\u00e9s del sitio web lo haces bajo tu propia responsabilidad y riesgo.<\/p><hr data-start=\"5519\" data-end=\"5522\" \/><h3 data-section-id=\"17j6vz4\" data-start=\"5524\" data-end=\"5549\"><strong>Limitaci\u00f3n de responsabilidad<\/strong><\/h3><p data-start=\"5551\" data-end=\"5891\">En la medida en que lo permita la legislaci\u00f3n aplicable, <strong data-start=\"5602\" data-end=\"5638\">Mini Molars Children\u2019s Dentistry<\/strong>, sus filiales, directores, ejecutivos, empleados, agentes, proveedores o licenciantes no ser\u00e1n responsables de ning\u00fan da\u00f1o indirecto, incidental, especial o consecuente, incluyendo, entre otros, la p\u00e9rdida de beneficios, ingresos, datos u oportunidades comerciales.<\/p><p data-start=\"5893\" data-end=\"6121\">El pasivo total de <strong data-start=\"5916\" data-end=\"5952\">Mini Molars Children\u2019s Dentistry<\/strong> relacionados con el sitio web y los servicios no superar\u00e1n <strong data-start=\"6006\" data-end=\"6025\">un d\u00f3lar ($1)<\/strong> o el importe que haya abonado por los servicios prestados en el <strong data-start=\"6076\" data-end=\"6098\">el mes anterior<\/strong>, el que sea mayor.<\/p><hr data-start=\"6123\" data-end=\"6126\" \/><h3 data-section-id=\"1txhdbn\" data-start=\"6128\" data-end=\"6142\"><strong>Cl\u00e1usula de separabilidad<\/strong><\/h3><p data-start=\"6144\" data-end=\"6335\">Si un tribunal competente determina que alguna de las disposiciones del presente Acuerdo es ilegal, inv\u00e1lida o inaplicable, las disposiciones restantes seguir\u00e1n en pleno vigor y efecto.<\/p><hr data-start=\"6337\" data-end=\"6340\" \/><h3 data-section-id=\"u9h46a\" data-start=\"6342\" data-end=\"6362\"><strong>Resoluci\u00f3n de conflictos<\/strong><\/h3><p data-start=\"6364\" data-end=\"6581\">La formaci\u00f3n, interpretaci\u00f3n y ejecuci\u00f3n del presente Acuerdo, as\u00ed como cualquier controversia que surja del mismo, se regir\u00e1n por las leyes de <strong data-start=\"6499\" data-end=\"6534\">Estado de Florida, Estados Unidos<\/strong>, sin tener en cuenta los principios de conflicto de leyes.<\/p><p data-start=\"6583\" data-end=\"6794\">La jurisdicci\u00f3n y competencia exclusivas para cualquier acci\u00f3n legal relacionada con el presente Acuerdo corresponder\u00e1n a los tribunales ubicados en <strong data-start=\"6698\" data-end=\"6724\">Florida, Estados Unidos<\/strong>, y por la presente acepta la jurisdicci\u00f3n personal de dichos tribunales.<\/p><p data-start=\"6796\" data-end=\"6879\">Usted renuncia a cualquier derecho a un <strong data-start=\"6821\" data-end=\"6835\">juicio con jurado<\/strong> en cualquier controversia que surja del presente Acuerdo.<\/p><hr data-start=\"6881\" data-end=\"6884\" \/><h3 data-section-id=\"yh0boa\" data-start=\"6886\" data-end=\"6910\"><strong>Cambios y modificaciones<\/strong><\/h3><p data-start=\"6912\" data-end=\"7047\">Nos reservamos el derecho de modificar este Acuerdo en cualquier momento. Cuando lo hagamos, actualizaremos el <strong data-start=\"7002\" data-end=\"7046\">fecha de revisi\u00f3n al pie de esta p\u00e1gina<\/strong>.<\/p><p data-start=\"7049\" data-end=\"7142\">El Acuerdo actualizado entrar\u00e1 en vigor inmediatamente despu\u00e9s de su publicaci\u00f3n, salvo que se indique lo contrario.<\/p><p data-start=\"7144\" data-end=\"7238\">El uso continuado del sitio web tras la publicaci\u00f3n de los cambios implica la aceptaci\u00f3n de dichos cambios.<\/p><hr data-start=\"7240\" data-end=\"7243\" \/><h3 data-section-id=\"1cyfris\" data-start=\"7245\" data-end=\"7272\"><strong>Aceptaci\u00f3n de estas condiciones<\/strong><\/h3><p data-start=\"7274\" data-end=\"7411\">Al acceder y utilizar el sitio web y los servicios, usted reconoce que ha le\u00eddo el presente Acuerdo y acepta sus t\u00e9rminos y condiciones.<\/p><p data-start=\"7413\" data-end=\"7514\">Si no est\u00e1 de acuerdo con estas condiciones, no est\u00e1 autorizado a acceder ni a utilizar el sitio web y los servicios.<\/p><hr data-start=\"7516\" data-end=\"7519\" \/><h3 data-section-id=\"16b4cxs\" data-start=\"7521\" data-end=\"7536\"><strong>C\u00f3mo contactarnos<\/strong><\/h3><p data-start=\"7538\" data-end=\"7632\">Si tiene alguna pregunta o duda sobre estos T\u00e9rminos y condiciones, p\u00f3ngase en contacto con nosotros:<\/p><p data-start=\"7634\" data-end=\"7751\"><strong data-start=\"7634\" data-end=\"7703\">Mini Molars Children\u2019s Dentistry \u2013 Noguera Pediatric Dentistry PA<\/strong><br data-start=\"7703\" data-end=\"7706\" \/>1425 W Broadway St.<br data-start=\"7725\" data-end=\"7728\" \/>Oviedo, FL 32765-6571<\/p><p data-start=\"7753\" data-end=\"7813\">Tel\u00e9fono: <strong data-start=\"7760\" data-end=\"7776\">689-689-1399<\/strong><br data-start=\"7776\" data-end=\"7779\" \/>Email: <strong data-start=\"7786\" data-end=\"7813\"><a class=\"decorated-link cursor-pointer\" rel=\"noopener\" data-start=\"7788\" data-end=\"7811\">welcome@mini-molars.com<\/a><\/strong><\/p><hr data-start=\"7815\" data-end=\"7818\" \/><p data-start=\"7820\" data-end=\"7852\"><strong data-start=\"7820\" data-end=\"7852\">\u00daltima actualizaci\u00f3n: 13 de marzo de 2026<\/strong><\/p>\t\t\t\t\t\t\t\t<\/div>\n\t\t\t\t<\/div>\n\t\t\t\t\t<\/div>\n\t\t\t\t<\/div>\n\t\t\t\t<\/div>","protected":false},"excerpt":{"rendered":"<p>Terms &amp; Conditions These terms and conditions (\u201cAgreement\u201d) set forth the general terms and conditions of your use of the mini-molars.com website (\u201cWebsite\u201d or \u201cService\u201d) and any of its related products and services (collectively, \u201cServices\u201d). This Agreement is legally binding between you (\u201cUser\u201d, \u201cyou\u201d or \u201cyour\u201d) and Noguera Pediatric Dentistry PA, operating as Mini Molars&#8230;<\/p>","protected":false},"author":1,"featured_media":0,"parent":0,"menu_order":0,"comment_status":"closed","ping_status":"closed","template":"","meta":{"inline_featured_image":false,"footnotes":""},"class_list":["post-988686","page","type-page","status-publish","hentry"],"_links":{"self":[{"href":"https:\/\/mini-molars.com\/es\/wp-json\/wp\/v2\/pages\/988686","targetHints":{"allow":["GET"]}}],"collection":[{"href":"https:\/\/mini-molars.com\/es\/wp-json\/wp\/v2\/pages"}],"about":[{"href":"https:\/\/mini-molars.com\/es\/wp-json\/wp\/v2\/types\/page"}],"author":[{"embeddable":true,"href":"https:\/\/mini-molars.com\/es\/wp-json\/wp\/v2\/users\/1"}],"replies":[{"embeddable":true,"href":"https:\/\/mini-molars.com\/es\/wp-json\/wp\/v2\/comments?post=988686"}],"version-history":[{"count":4,"href":"https:\/\/mini-molars.com\/es\/wp-json\/wp\/v2\/pages\/988686\/revisions"}],"predecessor-version":[{"id":988691,"href":"https:\/\/mini-molars.com\/es\/wp-json\/wp\/v2\/pages\/988686\/revisions\/988691"}],"wp:attachment":[{"href":"https:\/\/mini-molars.com\/es\/wp-json\/wp\/v2\/media?parent=988686"}],"curies":[{"name":"wp","href":"https:\/\/api.w.org\/{rel}","templated":true}]}}